{"id":2111,"date":"2021-09-20T13:55:11","date_gmt":"2021-09-20T13:55:11","guid":{"rendered":"http:\/\/nelteks.plusbiz.com.tr\/?page_id=2111"},"modified":"2023-10-04T14:16:48","modified_gmt":"2023-10-04T11:16:48","slug":"kalite","status":"publish","type":"page","link":"https:\/\/nelteks.com\/en\/kalite\/","title":{"rendered":"Quality"},"content":{"rendered":"<div data-elementor-type=\"wp-page\" data-elementor-id=\"2111\" class=\"elementor elementor-2111\">\n\t\t\t\t\t\t<section class=\"elementor-section elementor-top-section elementor-element elementor-element-fa1b7ba elementor-section-boxed elementor-section-height-default elementor-section-height-default\" data-id=\"fa1b7ba\" data-element_type=\"section\" data-e-type=\"section\">\n\t\t\t\t\t\t<div class=\"elementor-container elementor-column-gap-default\">\n\t\t\t\t\t<div class=\"elementor-column elementor-col-50 elementor-top-column elementor-element elementor-element-d6b838d\" data-id=\"d6b838d\" data-element_type=\"column\" data-e-type=\"column\">\n\t\t\t<div class=\"elementor-widget-wrap elementor-element-populated\">\n\t\t\t\t\t\t<div class=\"elementor-element elementor-element-9546c92 elementor-widget elementor-widget-heading\" data-id=\"9546c92\" data-element_type=\"widget\" data-e-type=\"widget\" data-widget_type=\"heading.default\">\n\t\t\t\t<div class=\"elementor-widget-container\">\n\t\t\t\t\t<h2 class=\"elementor-heading-title elementor-size-default\">Quality Management<\/h2>\t\t\t\t<\/div>\n\t\t\t\t<\/div>\n\t\t\t\t<div class=\"elementor-element elementor-element-eb404b8 elementor-widget-divider--view-line elementor-widget elementor-widget-divider\" data-id=\"eb404b8\" data-element_type=\"widget\" data-e-type=\"widget\" data-widget_type=\"divider.default\">\n\t\t\t\t<div class=\"elementor-widget-container\">\n\t\t\t\t\t\t\t<div class=\"elementor-divider\">\n\t\t\t<span class=\"elementor-divider-separator\">\n\t\t\t\t\t\t<\/span>\n\t\t<\/div>\n\t\t\t\t\t\t<\/div>\n\t\t\t\t<\/div>\n\t\t\t\t<div class=\"elementor-element elementor-element-65c51a7 elementor-widget elementor-widget-text-editor\" data-id=\"65c51a7\" data-element_type=\"widget\" data-e-type=\"widget\" data-widget_type=\"text-editor.default\">\n\t\t\t\t<div class=\"elementor-widget-container\">\n\t\t\t\t\t\t\t\t\t<p>We carry out our quality management processes in accordance with the principles of continuous improvement, without sacrificing quality and service.<\/p><p>Our products are produced in accordance with Edana and Oekotex standards.<\/p><p>The following tests are carried out in our laboratory:<\/p><ul><li>Weight and Thickness Tests<\/li><li>Tensile Strength<\/li><li>Elongation at Break (%) Test<\/li><\/ul><p>We cooperate with accredited testing institutions for the tests that cannot not be applied in our laboratory.<\/p>\t\t\t\t\t\t\t\t<\/div>\n\t\t\t\t<\/div>\n\t\t\t\t\t<\/div>\n\t\t<\/div>\n\t\t\t\t<div class=\"elementor-column elementor-col-50 elementor-top-column elementor-element elementor-element-00957e1\" data-id=\"00957e1\" data-element_type=\"column\" data-e-type=\"column\" data-settings=\"{&quot;background_background&quot;:&quot;classic&quot;}\">\n\t\t\t<div class=\"elementor-widget-wrap elementor-element-populated\">\n\t\t\t\t\t\t<section class=\"elementor-section elementor-inner-section elementor-element elementor-element-0e884da elementor-section-boxed elementor-section-height-default elementor-section-height-default\" data-id=\"0e884da\" data-element_type=\"section\" data-e-type=\"section\">\n\t\t\t\t\t\t<div class=\"elementor-container elementor-column-gap-default\">\n\t\t\t\t\t<div class=\"elementor-column elementor-col-100 elementor-inner-column elementor-element elementor-element-6b25a8c\" data-id=\"6b25a8c\" data-element_type=\"column\" data-e-type=\"column\">\n\t\t\t<div class=\"elementor-widget-wrap elementor-element-populated\">\n\t\t\t\t\t\t<div class=\"elementor-element elementor-element-455a6f8 elementor-widget elementor-widget-image\" data-id=\"455a6f8\" data-element_type=\"widget\" data-e-type=\"widget\" data-widget_type=\"image.default\">\n\t\t\t\t<div class=\"elementor-widget-container\">\n\t\t\t\t\t\t\t\t\t\t\t\t\t\t\t<img fetchpriority=\"high\" decoding=\"async\" width=\"1024\" height=\"1024\" src=\"https:\/\/nelteks.com\/wp-content\/uploads\/2021\/11\/kalite-gorsel-1024x1024.jpg\" class=\"attachment-large size-large wp-image-2707\" alt=\"\" srcset=\"https:\/\/nelteks.com\/wp-content\/uploads\/2021\/11\/kalite-gorsel-1024x1024.jpg 1024w, https:\/\/nelteks.com\/wp-content\/uploads\/2021\/11\/kalite-gorsel-300x300.jpg 300w, https:\/\/nelteks.com\/wp-content\/uploads\/2021\/11\/kalite-gorsel-150x150.jpg 150w, https:\/\/nelteks.com\/wp-content\/uploads\/2021\/11\/kalite-gorsel-768x768.jpg 768w, https:\/\/nelteks.com\/wp-content\/uploads\/2021\/11\/kalite-gorsel-1536x1536.jpg 1536w, https:\/\/nelteks.com\/wp-content\/uploads\/2021\/11\/kalite-gorsel-12x12.jpg 12w, https:\/\/nelteks.com\/wp-content\/uploads\/2021\/11\/kalite-gorsel.jpg 1700w\" sizes=\"(max-width: 1024px) 100vw, 1024px\" \/>\t\t\t\t\t\t\t\t\t\t\t\t\t\t\t<\/div>\n\t\t\t\t<\/div>\n\t\t\t\t\t<\/div>\n\t\t<\/div>\n\t\t\t\t\t<\/div>\n\t\t<\/section>\n\t\t\t\t\t<\/div>\n\t\t<\/div>\n\t\t\t\t\t<\/div>\n\t\t<\/section>\n\t\t\t\t<\/div>","protected":false},"excerpt":{"rendered":"<p>Kalite Politikam\u0131z M\u00fc\u015fteri taleplerine uygun \u015fekilde kalite ve servisten \u00f6d\u00fcn vermeden, s\u00fcrekli iyile\u015ftirme prensiplerine uygun \u015fekilde kalite y\u00f6netim s\u00fcre\u00e7lerimizi y\u00fcr\u00fctmekteyiz. \u00dcr\u00fcnlerimiz Edana ve Oekotex standartlar\u0131na uygun \u015fekilde \u00fcretilmektedir. Laboratuvar\u0131m\u0131zda a\u015fa\u011f\u0131daki testler uygulanmaktad\u0131r: Gramaj ve Kal\u0131nl\u0131k Testleri Kopma Mukavemeti Kopma Uzama (%) Testi Laboratuvar\u0131m\u0131zda yap\u0131lmayan testler i\u00e7in akredite test kurulu\u015flar\u0131yla \u00e7al\u0131\u015fma yap\u0131lmaktad\u0131r.<\/p>","protected":false},"author":1,"featured_media":0,"parent":0,"menu_order":0,"comment_status":"closed","ping_status":"closed","template":"","meta":{"site-sidebar-layout":"no-sidebar","site-content-layout":"page-builder","ast-site-content-layout":"default","site-content-style":"default","site-sidebar-style":"default","ast-global-header-display":"","ast-banner-title-visibility":"","ast-main-header-display":"","ast-hfb-above-header-display":"","ast-hfb-below-header-display":"","ast-hfb-mobile-header-display":"","site-post-title":"disabled","ast-breadcrumbs-content":"","ast-featured-img":"disabled","footer-sml-layout":"","ast-disable-related-posts":"","theme-transparent-header-meta":"default","adv-header-id-meta":"","stick-header-meta":"","header-above-stick-meta":"","header-main-stick-meta":"","header-below-stick-meta":"","astra-migrate-meta-layouts":"default","ast-page-background-enabled":"default","ast-page-background-meta":{"desktop":{"background-color":"","background-image":"","background-repeat":"repeat","background-position":"center center","background-size":"auto","background-attachment":"scroll","background-type":"","background-media":"","overlay-type":"","overlay-color":"","overlay-opacity":"","overlay-gradient":""},"tablet":{"background-color":"","background-image":"","background-repeat":"repeat","background-position":"center center","background-size":"auto","background-attachment":"scroll","background-type":"","background-media":"","overlay-type":"","overlay-color":"","overlay-opacity":"","overlay-gradient":""},"mobile":{"background-color":"","background-image":"","background-repeat":"repeat","background-position":"center center","background-size":"auto","background-attachment":"scroll","background-type":"","background-media":"","overlay-type":"","overlay-color":"","overlay-opacity":"","overlay-gradient":""}},"ast-content-background-meta":{"desktop":{"background-color":"var(--ast-global-color-5)","background-image":"","background-repeat":"repeat","background-position":"center center","background-size":"auto","background-attachment":"scroll","background-type":"","background-media":"","overlay-type":"","overlay-color":"","overlay-opacity":"","overlay-gradient":""},"tablet":{"background-color":"var(--ast-global-color-5)","background-image":"","background-repeat":"repeat","background-position":"center center","background-size":"auto","background-attachment":"scroll","background-type":"","background-media":"","overlay-type":"","overlay-color":"","overlay-opacity":"","overlay-gradient":""},"mobile":{"background-color":"var(--ast-global-color-5)","background-image":"","background-repeat":"repeat","background-position":"center center","background-size":"auto","background-attachment":"scroll","background-type":"","background-media":"","overlay-type":"","overlay-color":"","overlay-opacity":"","overlay-gradient":""}},"footnotes":""},"class_list":["post-2111","page","type-page","status-publish","hentry"],"_links":{"self":[{"href":"https:\/\/nelteks.com\/en\/wp-json\/wp\/v2\/pages\/2111","targetHints":{"allow":["GET"]}}],"collection":[{"href":"https:\/\/nelteks.com\/en\/wp-json\/wp\/v2\/pages"}],"about":[{"href":"https:\/\/nelteks.com\/en\/wp-json\/wp\/v2\/types\/page"}],"author":[{"embeddable":true,"href":"https:\/\/nelteks.com\/en\/wp-json\/wp\/v2\/users\/1"}],"replies":[{"embeddable":true,"href":"https:\/\/nelteks.com\/en\/wp-json\/wp\/v2\/comments?post=2111"}],"version-history":[{"count":29,"href":"https:\/\/nelteks.com\/en\/wp-json\/wp\/v2\/pages\/2111\/revisions"}],"predecessor-version":[{"id":2772,"href":"https:\/\/nelteks.com\/en\/wp-json\/wp\/v2\/pages\/2111\/revisions\/2772"}],"wp:attachment":[{"href":"https:\/\/nelteks.com\/en\/wp-json\/wp\/v2\/media?parent=2111"}],"curies":[{"name":"wp","href":"https:\/\/api.w.org\/{rel}","templated":true}]}}